{"id":44,"date":"2018-09-14T23:29:39","date_gmt":"2018-09-14T22:29:39","guid":{"rendered":"https:\/\/coachkatleen.wordpress.com\/?page_id=44"},"modified":"2025-11-30T16:47:03","modified_gmt":"2025-11-30T16:47:03","slug":"aanbod","status":"publish","type":"page","link":"https:\/\/straalstroom.be\/index.php\/aanbod\/","title":{"rendered":"Begeleiding\/coaching"},"content":{"rendered":"\n<div class=\"wp-block-media-text alignwide is-stacked-on-mobile\" style=\"grid-template-columns:25% auto\"><figure class=\"wp-block-media-text__media\"><img loading=\"lazy\" decoding=\"async\" width=\"613\" height=\"958\" src=\"https:\/\/straalstroom.be\/wp-content\/uploads\/2022\/02\/when-youre-in.jpg?w=613\" alt=\"\" class=\"wp-image-182 size-full\" srcset=\"https:\/\/straalstroom.be\/wp-content\/uploads\/2022\/02\/when-youre-in.jpg 613w, https:\/\/straalstroom.be\/wp-content\/uploads\/2022\/02\/when-youre-in-192x300.jpg 192w\" sizes=\"auto, (max-width: 613px) 100vw, 613px\" \/><\/figure><div class=\"wp-block-media-text__content\">\n<p class=\"has-text-align-left\" style=\"font-size:clamp(14.082px, 0.88rem + ((1vw - 3.2px) * 0.721), 21px);\">&#8216;Als mijn baas nu eens meer appreciatie zou tonen &#8230;&#8217;<br>&#8216;Als mijn man wat meer rekening zou houden met mij &#8230;&#8217;<br>&#8216;Als ik eens wat minder mails zou ontvangen &#8230;&#8217;<br><\/p>\n\n\n\n<p class=\"has-text-align-right\" style=\"font-size:clamp(14.082px, 0.88rem + ((1vw - 3.2px) * 0.721), 21px);\"><br>&#8216;&#8230; d\u00e1n zou ik gelukkig zijn!&#8217;<br>&#8216;&#8230; d\u00e1n zou ik het leven kunnen leiden waar ik naar verlang!&#8217;<br>&#8216;&#8230; d\u00e1n zou ik de dingen kunnen doen die ik w\u00edl doen!&#8217;<\/p>\n<\/div><\/div>\n\n\n\n<div class=\"wp-block-group is-layout-flow wp-block-group-is-layout-flow\">\n<div class=\"wp-block-media-text alignwide has-media-on-the-right is-stacked-on-mobile\" style=\"grid-template-columns:auto 37%\"><div class=\"wp-block-media-text__content\">\n<p style=\"font-size:clamp(14.082px, 0.88rem + ((1vw - 3.2px) * 0.721), 21px);\">Betrap jij jezelf soms ook op zulke uitspraken of gedachten? Heb je het gevoel dat je vast zit? <br>Daar is echt wat aan te doen!<\/p>\n\n\n\n<p style=\"font-size:clamp(14.082px, 0.88rem + ((1vw - 3.2px) * 0.721), 21px);\">Ik bied je een veilige plek, waar je mag zijn zoals je bent. Waar naar je geluisterd wordt, zonder oordeel.&nbsp;Waar je gevoelens welkom zijn \u00e9n er ook ruimte is voor humor.<\/p>\n\n\n\n<p style=\"font-size:clamp(14.082px, 0.88rem + ((1vw - 3.2px) * 0.721), 21px);\">Jij gaat je eigen manier vinden om in het leven te staan, en ik help je daarbij.&nbsp;Je leert doordacht en doorvoeld keuzes te maken. Wat als j\u00edj zou bepalen hoe je je voelt in plaats van al die anderen? <br>Echt, een wereld van verschil!<\/p>\n\n\n\n<p style=\"font-size:clamp(14.082px, 0.88rem + ((1vw - 3.2px) * 0.721), 21px);\">Hieronder een greep uit de klachten waarmee ik je weer op weg help.<\/p>\n<\/div><figure class=\"wp-block-media-text__media\"><img decoding=\"async\" src=\"https:\/\/straalstroom.be\/wp-content\/uploads\/2022\/02\/vecteezy_white-flower-growing-on-crack-street-soft-focus-blank-text_3425908-smal.jpg?w=649\" alt=\"\" class=\"wp-image-199 size-full\" \/><\/figure><\/div>\n<\/div>\n\n\n\n<div class=\"wp-block-group is-layout-flow wp-block-group-is-layout-flow\">\n<p class=\"has-text-align-right\"><a href=\"https:\/\/www.vecteezy.com\/free-photos\">Free Stock photos by Vecteezy<\/a><\/p>\n<\/div>\n\n\n\n<div class=\"wp-block-group is-layout-flow wp-block-group-is-layout-flow\">\n<p style=\"font-size:clamp(14.082px, 0.88rem + ((1vw - 3.2px) * 0.721), 21px);\"><img loading=\"lazy\" decoding=\"async\" width=\"945\" height=\"902\" class=\"wp-image-192\" style=\"width:28px\" src=\"https:\/\/straalstroom.be\/wp-content\/uploads\/2022\/02\/image.png\" alt=\"\" srcset=\"https:\/\/straalstroom.be\/wp-content\/uploads\/2022\/02\/image.png 945w, https:\/\/straalstroom.be\/wp-content\/uploads\/2022\/02\/image-300x286.png 300w, https:\/\/straalstroom.be\/wp-content\/uploads\/2022\/02\/image-768x733.png 768w\" sizes=\"auto, (max-width: 945px) 100vw, 945px\" \/> Stress &#8211; Burn-out &#8211; Spanning &#8211; Werkgerelateerde klachten &#8211; Overspannenheid<\/p>\n\n\n\n<p class=\"has-text-align-left\" style=\"font-size:clamp(14.082px, 0.88rem + ((1vw - 3.2px) * 0.721), 21px);\"><img loading=\"lazy\" decoding=\"async\" width=\"945\" height=\"902\" class=\"wp-image-192\" style=\"width:28px\" src=\"https:\/\/straalstroom.be\/wp-content\/uploads\/2022\/02\/image.png\" alt=\"\" srcset=\"https:\/\/straalstroom.be\/wp-content\/uploads\/2022\/02\/image.png 945w, https:\/\/straalstroom.be\/wp-content\/uploads\/2022\/02\/image-300x286.png 300w, https:\/\/straalstroom.be\/wp-content\/uploads\/2022\/02\/image-768x733.png 768w\" sizes=\"auto, (max-width: 945px) 100vw, 945px\" \/> Hooggevoeligheid &#8211; Laag zelfbeeld &#8211; Subassertiviteit &#8211; Onzekerheid&nbsp;&nbsp;<\/p>\n\n\n\n<p class=\"has-text-align-left\" style=\"font-size:clamp(14.082px, 0.88rem + ((1vw - 3.2px) * 0.721), 21px);\"><img loading=\"lazy\" decoding=\"async\" width=\"945\" height=\"902\" class=\"wp-image-192\" style=\"width:28px\" src=\"https:\/\/straalstroom.be\/wp-content\/uploads\/2022\/02\/image.png\" alt=\"\" srcset=\"https:\/\/straalstroom.be\/wp-content\/uploads\/2022\/02\/image.png 945w, https:\/\/straalstroom.be\/wp-content\/uploads\/2022\/02\/image-300x286.png 300w, https:\/\/straalstroom.be\/wp-content\/uploads\/2022\/02\/image-768x733.png 768w\" sizes=\"auto, (max-width: 945px) 100vw, 945px\" \/> Faalangst &#8211; Perfectionisme &#8211; Keuzemoeilijkheden&nbsp; &#8211; Vragen rond ouderschap<\/p>\n\n\n\n<p class=\"has-text-align-left\" style=\"font-size:clamp(14.082px, 0.88rem + ((1vw - 3.2px) * 0.721), 21px);\"><img loading=\"lazy\" decoding=\"async\" width=\"945\" height=\"902\" class=\"wp-image-192\" style=\"width:28px\" src=\"https:\/\/straalstroom.be\/wp-content\/uploads\/2022\/02\/image.png\" alt=\"\" srcset=\"https:\/\/straalstroom.be\/wp-content\/uploads\/2022\/02\/image.png 945w, https:\/\/straalstroom.be\/wp-content\/uploads\/2022\/02\/image-300x286.png 300w, https:\/\/straalstroom.be\/wp-content\/uploads\/2022\/02\/image-768x733.png 768w\" sizes=\"auto, (max-width: 945px) 100vw, 945px\" \/> Zin in persoonlijke ontwikkeling &#8211; Je lekkerder in je vel willen voelen\u00a0 \u00a0<\/p>\n\n\n\n<p class=\"has-text-align-left\" style=\"font-size:clamp(14.082px, 0.88rem + ((1vw - 3.2px) * 0.721), 21px);\"><img loading=\"lazy\" decoding=\"async\" width=\"945\" height=\"902\" class=\"wp-image-192\" style=\"width:28px\" src=\"https:\/\/straalstroom.be\/wp-content\/uploads\/2022\/02\/image.png\" alt=\"\" srcset=\"https:\/\/straalstroom.be\/wp-content\/uploads\/2022\/02\/image.png 945w, https:\/\/straalstroom.be\/wp-content\/uploads\/2022\/02\/image-300x286.png 300w, https:\/\/straalstroom.be\/wp-content\/uploads\/2022\/02\/image-768x733.png 768w\" sizes=\"auto, (max-width: 945px) 100vw, 945px\" \/> Long covid*<\/p>\n<\/div>\n\n\n\n<p>* Long covid is hier misschien een vreemde eend in de bijt. Ik heb hier persoonlijke ervaring mee. Het zit in elk geval n\u00edet tussen je oren! Maar aangezien de medische wereld nog weinig antwoorden kan bieden, is het goed te weten wat je zelf allemaal kan doen om een fijn leven te leiden, m\u00e9t long covid. Ik help je hiermee.<\/p>\n","protected":false},"excerpt":{"rendered":"<p>&#8216;Als mijn baas nu eens meer appreciatie zou tonen &#8230;&#8217;&#8216;Als mijn man wat meer rekening zou houden met mij &#8230;&#8217;&#8216;Als ik eens wat minder mails zou ontvangen &#8230;&#8217; &#8216;&#8230; d\u00e1n zou ik gelukkig zijn!&#8217;&#8216;&#8230; d\u00e1n zou ik het leven kunnen leiden waar ik naar verlang!&#8217;&#8216;&#8230; d\u00e1n zou ik de dingen kunnen doen die ik w\u00edl [&hellip;]<\/p>\n","protected":false},"author":1,"featured_media":0,"parent":0,"menu_order":0,"comment_status":"closed","ping_status":"closed","template":"","meta":{"footnotes":""},"class_list":["post-44","page","type-page","status-publish","hentry"],"_links":{"self":[{"href":"https:\/\/straalstroom.be\/index.php\/wp-json\/wp\/v2\/pages\/44","targetHints":{"allow":["GET"]}}],"collection":[{"href":"https:\/\/straalstroom.be\/index.php\/wp-json\/wp\/v2\/pages"}],"about":[{"href":"https:\/\/straalstroom.be\/index.php\/wp-json\/wp\/v2\/types\/page"}],"author":[{"embeddable":true,"href":"https:\/\/straalstroom.be\/index.php\/wp-json\/wp\/v2\/users\/1"}],"replies":[{"embeddable":true,"href":"https:\/\/straalstroom.be\/index.php\/wp-json\/wp\/v2\/comments?post=44"}],"version-history":[{"count":4,"href":"https:\/\/straalstroom.be\/index.php\/wp-json\/wp\/v2\/pages\/44\/revisions"}],"predecessor-version":[{"id":533,"href":"https:\/\/straalstroom.be\/index.php\/wp-json\/wp\/v2\/pages\/44\/revisions\/533"}],"wp:attachment":[{"href":"https:\/\/straalstroom.be\/index.php\/wp-json\/wp\/v2\/media?parent=44"}],"curies":[{"name":"wp","href":"https:\/\/api.w.org\/{rel}","templated":true}]}}